{"id":17838,"date":"2022-09-12T09:26:23","date_gmt":"2022-09-12T08:26:23","guid":{"rendered":"https:\/\/www.piscilimp.es\/tienda\/?page_id=17838"},"modified":"2024-03-01T14:01:43","modified_gmt":"2024-03-01T13:01:43","slug":"gastos-y-condiciones-de-envio","status":"publish","type":"page","link":"https:\/\/www.piscilimp.es\/tienda\/gastos-y-condiciones-de-envio\/","title":{"rendered":"Gastos y condiciones de env\u00edo"},"content":{"rendered":"<div class=\"fusion-fullwidth fullwidth-box fusion-builder-row-1 fusion-flex-container nonhundred-percent-fullwidth non-hundred-percent-height-scrolling\" style=\"--awb-border-radius-top-left:0px;--awb-border-radius-top-right:0px;--awb-border-radius-bottom-right:0px;--awb-border-radius-bottom-left:0px;--awb-flex-wrap:wrap;\" ><div class=\"fusion-builder-row fusion-row fusion-flex-align-items-flex-start fusion-flex-content-wrap\" style=\"max-width:1430px;margin-left: calc(-4% \/ 2 );margin-right: calc(-4% \/ 2 );\"><div class=\"fusion-layout-column fusion_builder_column fusion-builder-column-0 fusion_builder_column_1_1 1_1 fusion-flex-column\" style=\"--awb-bg-size:cover;--awb-width-large:100%;--awb-margin-top-large:0px;--awb-spacing-right-large:1.92%;--awb-margin-bottom-large:0px;--awb-spacing-left-large:1.92%;--awb-width-medium:100%;--awb-spacing-right-medium:1.92%;--awb-spacing-left-medium:1.92%;--awb-width-small:100%;--awb-spacing-right-small:1.92%;--awb-spacing-left-small:1.92%;\"><div class=\"fusion-column-wrapper fusion-flex-justify-content-flex-start fusion-content-layout-column\"><div class=\"fusion-text fusion-text-1\" style=\"--awb-text-transform:none;\"><p><strong><u>Espa\u00f1a peninsular<\/u><\/strong><\/p>\n<table class=\"tabla-gastos-envio\">\n<tbody>\n<tr>\n<td class=\"cabecera-tabla\" width=\"113\"><strong>PESO DESDE (KG)<\/strong><\/td>\n<td class=\"cabecera-tabla\" width=\"115\"><strong>PESO HASTA (KG)<\/strong><\/td>\n<td class=\"cabecera-tabla\" width=\"72\"><strong>GASTOS DE ENV\u00cdO (\u20ac)<\/strong><\/td>\n<\/tr>\n<tr>\n<td>0,01<\/td>\n<td>2<\/td>\n<td>7<\/td>\n<\/tr>\n<tr>\n<td>2,01<\/td>\n<td>5<\/td>\n<td>8<\/td>\n<\/tr>\n<tr>\n<td>5,01<\/td>\n<td>10<\/td>\n<td>9<\/td>\n<\/tr>\n<tr>\n<td>10,01<\/td>\n<td>11<\/td>\n<td>9,6<\/td>\n<\/tr>\n<tr>\n<td>11,01<\/td>\n<td>12<\/td>\n<td>10,2<\/td>\n<\/tr>\n<tr>\n<td>12,01<\/td>\n<td>13<\/td>\n<td>10,8<\/td>\n<\/tr>\n<tr>\n<td>13,01<\/td>\n<td>14<\/td>\n<td>11,4<\/td>\n<\/tr>\n<tr>\n<td>14,01<\/td>\n<td>15<\/td>\n<td>12<\/td>\n<\/tr>\n<tr>\n<td>15,01<\/td>\n<td>16<\/td>\n<td>12,6<\/td>\n<\/tr>\n<tr>\n<td>16,01<\/td>\n<td>17<\/td>\n<td>13,2<\/td>\n<\/tr>\n<tr>\n<td>17,01<\/td>\n<td>18<\/td>\n<td>13,8<\/td>\n<\/tr>\n<tr>\n<td>18,01<\/td>\n<td>19<\/td>\n<td>14,4<\/td>\n<\/tr>\n<tr>\n<td>19,01<\/td>\n<td>20<\/td>\n<td>15<\/td>\n<\/tr>\n<tr>\n<td>20,01<\/td>\n<td>21<\/td>\n<td>15,6<\/td>\n<\/tr>\n<tr>\n<td>21,01<\/td>\n<td>22<\/td>\n<td>16,2<\/td>\n<\/tr>\n<tr>\n<td>22,01<\/td>\n<td>23<\/td>\n<td>16,8<\/td>\n<\/tr>\n<tr>\n<td>23,01<\/td>\n<td>24<\/td>\n<td>17,4<\/td>\n<\/tr>\n<tr>\n<td>24,01<\/td>\n<td>25<\/td>\n<td>18<\/td>\n<\/tr>\n<tr>\n<td>25,01<\/td>\n<td>26<\/td>\n<td>18,6<\/td>\n<\/tr>\n<tr>\n<td>26,01<\/td>\n<td>27<\/td>\n<td>19,2<\/td>\n<\/tr>\n<tr>\n<td>27,01<\/td>\n<td>28<\/td>\n<td>19,8<\/td>\n<\/tr>\n<tr>\n<td>28,01<\/td>\n<td>29<\/td>\n<td>20,4<\/td>\n<\/tr>\n<tr>\n<td>29,01<\/td>\n<td>30<\/td>\n<td>21<\/td>\n<\/tr>\n<tr>\n<td>30,01<\/td>\n<td>31<\/td>\n<td>21,6<\/td>\n<\/tr>\n<tr>\n<td>31,01<\/td>\n<td>32<\/td>\n<td>22,2<\/td>\n<\/tr>\n<tr>\n<td>32,01<\/td>\n<td>33<\/td>\n<td>22,8<\/td>\n<\/tr>\n<tr>\n<td>33,01<\/td>\n<td>34<\/td>\n<td>23,4<\/td>\n<\/tr>\n<tr>\n<td>34,01<\/td>\n<td>35<\/td>\n<td>24<\/td>\n<\/tr>\n<tr>\n<td>35,01<\/td>\n<td>36<\/td>\n<td>24,6<\/td>\n<\/tr>\n<tr>\n<td>36,01<\/td>\n<td>37<\/td>\n<td>25,2<\/td>\n<\/tr>\n<tr>\n<td>37,01<\/td>\n<td>38<\/td>\n<td>25,8<\/td>\n<\/tr>\n<tr>\n<td>38,01<\/td>\n<td>39<\/td>\n<td>26,4<\/td>\n<\/tr>\n<tr>\n<td>39,01<\/td>\n<td>40<\/td>\n<td>27<\/td>\n<\/tr>\n<tr>\n<td>40,01<\/td>\n<td>41<\/td>\n<td>27,6<\/td>\n<\/tr>\n<tr>\n<td>41,01<\/td>\n<td>42<\/td>\n<td>28,2<\/td>\n<\/tr>\n<tr>\n<td>42,01<\/td>\n<td>43<\/td>\n<td>28,8<\/td>\n<\/tr>\n<tr>\n<td>43,01<\/td>\n<td>44<\/td>\n<td>29,4<\/td>\n<\/tr>\n<tr>\n<td>44,01<\/td>\n<td>45<\/td>\n<td>30<\/td>\n<\/tr>\n<tr>\n<td>45,01<\/td>\n<td>46<\/td>\n<td>30,6<\/td>\n<\/tr>\n<tr>\n<td>46,01<\/td>\n<td>47<\/td>\n<td>31,2<\/td>\n<\/tr>\n<tr>\n<td>47,01<\/td>\n<td>48<\/td>\n<td>31,8<\/td>\n<\/tr>\n<tr>\n<td>48,01<\/td>\n<td>49<\/td>\n<td>32,4<\/td>\n<\/tr>\n<tr>\n<td>49,01<\/td>\n<td>50<\/td>\n<td>33<\/td>\n<\/tr>\n<tr>\n<td>50,01<\/td>\n<td>51<\/td>\n<td>33,6<\/td>\n<\/tr>\n<tr>\n<td>51,01<\/td>\n<td>52<\/td>\n<td>34,2<\/td>\n<\/tr>\n<tr>\n<td>52,01<\/td>\n<td>53<\/td>\n<td>34,8<\/td>\n<\/tr>\n<tr>\n<td>53,01<\/td>\n<td>54<\/td>\n<td>35,4<\/td>\n<\/tr>\n<tr>\n<td>54,01<\/td>\n<td>55<\/td>\n<td>36<\/td>\n<\/tr>\n<tr>\n<td>55,01<\/td>\n<td>56<\/td>\n<td>36,6<\/td>\n<\/tr>\n<tr>\n<td>56,01<\/td>\n<td>57<\/td>\n<td>37,2<\/td>\n<\/tr>\n<tr>\n<td>57,01<\/td>\n<td>58<\/td>\n<td>37,8<\/td>\n<\/tr>\n<tr>\n<td>58,01<\/td>\n<td>59<\/td>\n<td>38,4<\/td>\n<\/tr>\n<tr>\n<td>59,01<\/td>\n<td>60<\/td>\n<td>39<\/td>\n<\/tr>\n<tr>\n<td>60,01<\/td>\n<td>61<\/td>\n<td>39,6<\/td>\n<\/tr>\n<tr>\n<td>61,01<\/td>\n<td>62<\/td>\n<td>40,2<\/td>\n<\/tr>\n<tr>\n<td>62,01<\/td>\n<td>63<\/td>\n<td>40,8<\/td>\n<\/tr>\n<tr>\n<td>63,01<\/td>\n<td>64<\/td>\n<td>41,4<\/td>\n<\/tr>\n<tr>\n<td>64,01<\/td>\n<td>65<\/td>\n<td>42<\/td>\n<\/tr>\n<tr>\n<td>65,01<\/td>\n<td>66<\/td>\n<td>42,6<\/td>\n<\/tr>\n<tr>\n<td>66,01<\/td>\n<td>67<\/td>\n<td>43,2<\/td>\n<\/tr>\n<tr>\n<td>67,01<\/td>\n<td>68<\/td>\n<td>43,8<\/td>\n<\/tr>\n<tr>\n<td>68,01<\/td>\n<td>69<\/td>\n<td>44,4<\/td>\n<\/tr>\n<tr>\n<td>69,01<\/td>\n<td>70<\/td>\n<td>45<\/td>\n<\/tr>\n<tr>\n<td>70,01<\/td>\n<td>71<\/td>\n<td>45,6<\/td>\n<\/tr>\n<tr>\n<td>71,01<\/td>\n<td>72<\/td>\n<td>46,2<\/td>\n<\/tr>\n<tr>\n<td>72,01<\/td>\n<td>73<\/td>\n<td>46,8<\/td>\n<\/tr>\n<tr>\n<td>73,01<\/td>\n<td>74<\/td>\n<td>47,4<\/td>\n<\/tr>\n<tr>\n<td>74,01<\/td>\n<td>75<\/td>\n<td>48<\/td>\n<\/tr>\n<tr>\n<td>75,01<\/td>\n<td>76<\/td>\n<td>48,6<\/td>\n<\/tr>\n<tr>\n<td>76,01<\/td>\n<td>77<\/td>\n<td>49,2<\/td>\n<\/tr>\n<tr>\n<td>77,01<\/td>\n<td>78<\/td>\n<td>49,8<\/td>\n<\/tr>\n<tr>\n<td>78,01<\/td>\n<td>79<\/td>\n<td>50,4<\/td>\n<\/tr>\n<tr>\n<td>79,01<\/td>\n<td>80<\/td>\n<td>51<\/td>\n<\/tr>\n<tr>\n<td>80,01<\/td>\n<td>81<\/td>\n<td>51,6<\/td>\n<\/tr>\n<tr>\n<td>81,01<\/td>\n<td>82<\/td>\n<td>52,2<\/td>\n<\/tr>\n<tr>\n<td>82,01<\/td>\n<td>83<\/td>\n<td>52,8<\/td>\n<\/tr>\n<tr>\n<td>83,01<\/td>\n<td>84<\/td>\n<td>53,4<\/td>\n<\/tr>\n<tr>\n<td>84,01<\/td>\n<td>85<\/td>\n<td>54<\/td>\n<\/tr>\n<tr>\n<td>85,01<\/td>\n<td>86<\/td>\n<td>54,6<\/td>\n<\/tr>\n<tr>\n<td>86,01<\/td>\n<td>87<\/td>\n<td>55,2<\/td>\n<\/tr>\n<tr>\n<td>87,01<\/td>\n<td>88<\/td>\n<td>55,8<\/td>\n<\/tr>\n<tr>\n<td>88,01<\/td>\n<td>89<\/td>\n<td>56,4<\/td>\n<\/tr>\n<tr>\n<td>89,01<\/td>\n<td>90<\/td>\n<td>57<\/td>\n<\/tr>\n<tr>\n<td>90,01<\/td>\n<td>91<\/td>\n<td>57,6<\/td>\n<\/tr>\n<tr>\n<td>91,01<\/td>\n<td>92<\/td>\n<td>58,2<\/td>\n<\/tr>\n<tr>\n<td>92,01<\/td>\n<td>93<\/td>\n<td>58,8<\/td>\n<\/tr>\n<tr>\n<td>93,01<\/td>\n<td>94<\/td>\n<td>59,4<\/td>\n<\/tr>\n<tr>\n<td>94,01<\/td>\n<td>95<\/td>\n<td>60<\/td>\n<\/tr>\n<tr>\n<td>95,01<\/td>\n<td>96<\/td>\n<td>60,6<\/td>\n<\/tr>\n<tr>\n<td>96,01<\/td>\n<td>97<\/td>\n<td>61,2<\/td>\n<\/tr>\n<tr>\n<td>97,01<\/td>\n<td>98<\/td>\n<td>61,8<\/td>\n<\/tr>\n<tr>\n<td>98,01<\/td>\n<td>99<\/td>\n<td>62,4<\/td>\n<\/tr>\n<tr>\n<td>99,01<\/td>\n<td>100<\/td>\n<td>63<\/td>\n<\/tr>\n<tr>\n<td>100,01<\/td>\n<td>101<\/td>\n<td>63,6<\/td>\n<\/tr>\n<tr>\n<td>101,01<\/td>\n<td>102<\/td>\n<td>64,2<\/td>\n<\/tr>\n<tr>\n<td>102,01<\/td>\n<td>103<\/td>\n<td>64,8<\/td>\n<\/tr>\n<tr>\n<td>103,01<\/td>\n<td>104<\/td>\n<td>65,4<\/td>\n<\/tr>\n<tr>\n<td>104,01<\/td>\n<td>105<\/td>\n<td>66<\/td>\n<\/tr>\n<tr>\n<td>105,01<\/td>\n<td>106<\/td>\n<td>66,6<\/td>\n<\/tr>\n<tr>\n<td>106,01<\/td>\n<td>107<\/td>\n<td>67,2<\/td>\n<\/tr>\n<tr>\n<td>107,01<\/td>\n<td>108<\/td>\n<td>67,8<\/td>\n<\/tr>\n<tr>\n<td>108,01<\/td>\n<td>109<\/td>\n<td>68,4<\/td>\n<\/tr>\n<tr>\n<td>109,01<\/td>\n<td>110<\/td>\n<td>69<\/td>\n<\/tr>\n<tr>\n<td>110,01<\/td>\n<td>111<\/td>\n<td>69,6<\/td>\n<\/tr>\n<tr>\n<td>111,01<\/td>\n<td>112<\/td>\n<td>70,2<\/td>\n<\/tr>\n<tr>\n<td>112,01<\/td>\n<td>113<\/td>\n<td>70,8<\/td>\n<\/tr>\n<tr>\n<td>113,01<\/td>\n<td>114<\/td>\n<td>71,4<\/td>\n<\/tr>\n<tr>\n<td>114,01<\/td>\n<td>115<\/td>\n<td>72<\/td>\n<\/tr>\n<tr>\n<td>115,01<\/td>\n<td>116<\/td>\n<td>72,6<\/td>\n<\/tr>\n<tr>\n<td>116,01<\/td>\n<td>117<\/td>\n<td>73,2<\/td>\n<\/tr>\n<tr>\n<td>117,01<\/td>\n<td>118<\/td>\n<td>73,8<\/td>\n<\/tr>\n<tr>\n<td>118,01<\/td>\n<td>119<\/td>\n<td>74,4<\/td>\n<\/tr>\n<tr>\n<td>119,01<\/td>\n<td>120<\/td>\n<td>75<\/td>\n<\/tr>\n<tr>\n<td>120,01<\/td>\n<td>121<\/td>\n<td>75,6<\/td>\n<\/tr>\n<tr>\n<td>121,01<\/td>\n<td>122<\/td>\n<td>76,2<\/td>\n<\/tr>\n<tr>\n<td>122,01<\/td>\n<td>123<\/td>\n<td>76,8<\/td>\n<\/tr>\n<tr>\n<td>123,01<\/td>\n<td>124<\/td>\n<td>77,4<\/td>\n<\/tr>\n<tr>\n<td>124,01<\/td>\n<td>125<\/td>\n<td>78<\/td>\n<\/tr>\n<tr>\n<td>125,01<\/td>\n<td>126<\/td>\n<td>78,6<\/td>\n<\/tr>\n<tr>\n<td>126,01<\/td>\n<td>127<\/td>\n<td>79,2<\/td>\n<\/tr>\n<tr>\n<td>127,01<\/td>\n<td>128<\/td>\n<td>79,8<\/td>\n<\/tr>\n<tr>\n<td>128,01<\/td>\n<td>129<\/td>\n<td>80,4<\/td>\n<\/tr>\n<tr>\n<td>129,01<\/td>\n<td>130<\/td>\n<td>81<\/td>\n<\/tr>\n<tr>\n<td>130,01<\/td>\n<td>131<\/td>\n<td>81,6<\/td>\n<\/tr>\n<tr>\n<td>131,01<\/td>\n<td>132<\/td>\n<td>82,2<\/td>\n<\/tr>\n<tr>\n<td>132,01<\/td>\n<td>133<\/td>\n<td>82,8<\/td>\n<\/tr>\n<tr>\n<td>133,01<\/td>\n<td>134<\/td>\n<td>83,4<\/td>\n<\/tr>\n<tr>\n<td>134,01<\/td>\n<td>135<\/td>\n<td>84<\/td>\n<\/tr>\n<tr>\n<td>135,01<\/td>\n<td>136<\/td>\n<td>84,6<\/td>\n<\/tr>\n<tr>\n<td>136,01<\/td>\n<td>137<\/td>\n<td>85,2<\/td>\n<\/tr>\n<tr>\n<td>137,01<\/td>\n<td>138<\/td>\n<td>85,8<\/td>\n<\/tr>\n<tr>\n<td>138,01<\/td>\n<td>139<\/td>\n<td>86,4<\/td>\n<\/tr>\n<tr>\n<td>139,01<\/td>\n<td>140<\/td>\n<td>87<\/td>\n<\/tr>\n<tr>\n<td>140,01<\/td>\n<td>141<\/td>\n<td>87,6<\/td>\n<\/tr>\n<tr>\n<td>141,01<\/td>\n<td>142<\/td>\n<td>88,2<\/td>\n<\/tr>\n<tr>\n<td>142,01<\/td>\n<td>143<\/td>\n<td>88,8<\/td>\n<\/tr>\n<tr>\n<td>143,01<\/td>\n<td>144<\/td>\n<td>89,4<\/td>\n<\/tr>\n<tr>\n<td>144,01<\/td>\n<td>145<\/td>\n<td>90<\/td>\n<\/tr>\n<tr>\n<td>145,01<\/td>\n<td>146<\/td>\n<td>90,6<\/td>\n<\/tr>\n<tr>\n<td>146,01<\/td>\n<td>147<\/td>\n<td>91,2<\/td>\n<\/tr>\n<tr>\n<td>147,01<\/td>\n<td>148<\/td>\n<td>91,8<\/td>\n<\/tr>\n<tr>\n<td>148,01<\/td>\n<td>149<\/td>\n<td>92,4<\/td>\n<\/tr>\n<tr>\n<td>149,01<\/td>\n<td>150<\/td>\n<td>93<\/td>\n<\/tr>\n<tr>\n<td>150,01<\/td>\n<td>151<\/td>\n<td>93,6<\/td>\n<\/tr>\n<tr>\n<td>151,01<\/td>\n<td>152<\/td>\n<td>94,2<\/td>\n<\/tr>\n<tr>\n<td>152,01<\/td>\n<td>153<\/td>\n<td>94,8<\/td>\n<\/tr>\n<tr>\n<td>153,01<\/td>\n<td>154<\/td>\n<td>95,4<\/td>\n<\/tr>\n<tr>\n<td>154,01<\/td>\n<td>155<\/td>\n<td>96<\/td>\n<\/tr>\n<tr>\n<td>155,01<\/td>\n<td>156<\/td>\n<td>96,6<\/td>\n<\/tr>\n<tr>\n<td>156,01<\/td>\n<td>157<\/td>\n<td>97,2<\/td>\n<\/tr>\n<tr>\n<td>157,01<\/td>\n<td>158<\/td>\n<td>97,8<\/td>\n<\/tr>\n<tr>\n<td>158,01<\/td>\n<td>159<\/td>\n<td>98,4<\/td>\n<\/tr>\n<tr>\n<td>159,01<\/td>\n<td>160<\/td>\n<td>99<\/td>\n<\/tr>\n<tr>\n<td>160,01<\/td>\n<td>161<\/td>\n<td>99,6<\/td>\n<\/tr>\n<tr>\n<td>161,01<\/td>\n<td>162<\/td>\n<td>100,2<\/td>\n<\/tr>\n<tr>\n<td>162,01<\/td>\n<td>163<\/td>\n<td>100,8<\/td>\n<\/tr>\n<tr>\n<td>163,01<\/td>\n<td>164<\/td>\n<td>101,4<\/td>\n<\/tr>\n<tr>\n<td>164,01<\/td>\n<td>165<\/td>\n<td>102<\/td>\n<\/tr>\n<tr>\n<td>165,01<\/td>\n<td>166<\/td>\n<td>102,6<\/td>\n<\/tr>\n<tr>\n<td>166,01<\/td>\n<td>167<\/td>\n<td>103,2<\/td>\n<\/tr>\n<tr>\n<td>167,01<\/td>\n<td>168<\/td>\n<td>103,8<\/td>\n<\/tr>\n<tr>\n<td>168,01<\/td>\n<td>169<\/td>\n<td>104,4<\/td>\n<\/tr>\n<tr>\n<td>169,01<\/td>\n<td>170<\/td>\n<td>105<\/td>\n<\/tr>\n<tr>\n<td>170,01<\/td>\n<td>171<\/td>\n<td>105,6<\/td>\n<\/tr>\n<tr>\n<td>171,01<\/td>\n<td>172<\/td>\n<td>106,2<\/td>\n<\/tr>\n<tr>\n<td>172,01<\/td>\n<td>173<\/td>\n<td>106,8<\/td>\n<\/tr>\n<tr>\n<td>173,01<\/td>\n<td>174<\/td>\n<td>107,4<\/td>\n<\/tr>\n<tr>\n<td>174,01<\/td>\n<td>175<\/td>\n<td>108<\/td>\n<\/tr>\n<tr>\n<td>175,01<\/td>\n<td>176<\/td>\n<td>108,6<\/td>\n<\/tr>\n<tr>\n<td>176,01<\/td>\n<td>177<\/td>\n<td>109,2<\/td>\n<\/tr>\n<tr>\n<td>177,01<\/td>\n<td>178<\/td>\n<td>109,8<\/td>\n<\/tr>\n<tr>\n<td>178,01<\/td>\n<td>179<\/td>\n<td>110,4<\/td>\n<\/tr>\n<tr>\n<td>179,01<\/td>\n<td>180<\/td>\n<td>111<\/td>\n<\/tr>\n<tr>\n<td>180,01<\/td>\n<td>181<\/td>\n<td>111,6<\/td>\n<\/tr>\n<tr>\n<td>181,01<\/td>\n<td>182<\/td>\n<td>112,2<\/td>\n<\/tr>\n<tr>\n<td>182,01<\/td>\n<td>183<\/td>\n<td>112,8<\/td>\n<\/tr>\n<tr>\n<td>183,01<\/td>\n<td>184<\/td>\n<td>113,4<\/td>\n<\/tr>\n<tr>\n<td>184,01<\/td>\n<td>185<\/td>\n<td>114<\/td>\n<\/tr>\n<tr>\n<td>185,01<\/td>\n<td>186<\/td>\n<td>114,6<\/td>\n<\/tr>\n<tr>\n<td>186,01<\/td>\n<td>187<\/td>\n<td>115,2<\/td>\n<\/tr>\n<tr>\n<td>187,01<\/td>\n<td>188<\/td>\n<td>115,8<\/td>\n<\/tr>\n<tr>\n<td>188,01<\/td>\n<td>189<\/td>\n<td>116,4<\/td>\n<\/tr>\n<tr>\n<td>189,01<\/td>\n<td>190<\/td>\n<td>117<\/td>\n<\/tr>\n<tr>\n<td>190,01<\/td>\n<td>191<\/td>\n<td>117,6<\/td>\n<\/tr>\n<tr>\n<td>191,01<\/td>\n<td>192<\/td>\n<td>118,2<\/td>\n<\/tr>\n<tr>\n<td>192,01<\/td>\n<td>193<\/td>\n<td>118,8<\/td>\n<\/tr>\n<tr>\n<td>193,01<\/td>\n<td>194<\/td>\n<td>119,4<\/td>\n<\/tr>\n<tr>\n<td>194,01<\/td>\n<td>195<\/td>\n<td>120<\/td>\n<\/tr>\n<tr>\n<td>195,01<\/td>\n<td>196<\/td>\n<td>120,6<\/td>\n<\/tr>\n<tr>\n<td>196,01<\/td>\n<td>197<\/td>\n<td>121,2<\/td>\n<\/tr>\n<tr>\n<td>197,01<\/td>\n<td>198<\/td>\n<td>121,8<\/td>\n<\/tr>\n<tr>\n<td>198,01<\/td>\n<td>199<\/td>\n<td>122,4<\/td>\n<\/tr>\n<tr>\n<td>199,01<\/td>\n<td>200<\/td>\n<td>123<\/td>\n<\/tr>\n<tr>\n<td>200,01<\/td>\n<td>&#8211;<\/td>\n<td>123,6<\/td>\n<\/tr>\n<\/tbody>\n<\/table>\n<p>El env\u00edo se llevar\u00e1 a cabo por los propios medios de la empresa o por mensajero que designe Piscilimp.<\/p>\n<p>El plazo de entrega aproximada ser\u00e1 de 1 a 2 d\u00edas h\u00e1biles desde que se formalice el pedido.<\/p>\n<p>Los pedidos se entregan en la puerta del domicilio, pero no se introducen en la vivienda. Si el repartidor accediese por petici\u00f3n del cliente a introducir el pedido dentro de la propia vivienda, Piscilimp no se hace responsable de los desperfectos que se pudiesen ocasionar. Excepto aquellos pedidos que incluyen un servicio de instalaci\u00f3n o puesta en marcha\u00a0y que se realiza en el mismo momento de la entrega del producto, siempre y cuando la accesibilidad a la vivienda lo permita.<\/p>\n<\/div><\/div><\/div><\/div><\/div>\n","protected":false},"excerpt":{"rendered":"","protected":false},"author":64,"featured_media":0,"parent":0,"menu_order":0,"comment_status":"closed","ping_status":"closed","template":"","meta":{"footnotes":""},"class_list":["post-17838","page","type-page","status-publish","hentry"],"yoast_head":"<!-- This site is optimized with the Yoast SEO plugin v27.3 - https:\/\/yoast.com\/product\/yoast-seo-wordpress\/ -->\n<title>Gastos y condiciones de env\u00edo - Productos Piscinas - Piscilimp<\/title>\n<meta name=\"description\" content=\"Gastos y condiciones de env\u00edo - Productos Piscinas - Piscilimp\" \/>\n<meta name=\"robots\" content=\"noindex, nofollow\" \/>\n<meta property=\"og:locale\" content=\"es_ES\" \/>\n<meta property=\"og:type\" content=\"article\" \/>\n<meta property=\"og:title\" content=\"Gastos y condiciones de env\u00edo - Productos Piscinas - Piscilimp\" \/>\n<meta property=\"og:description\" content=\"Gastos y condiciones de env\u00edo - Productos Piscinas - Piscilimp\" \/>\n<meta property=\"og:url\" content=\"https:\/\/www.piscilimp.es\/tienda\/gastos-y-condiciones-de-envio\/\" \/>\n<meta property=\"og:site_name\" content=\"Productos Piscinas - Piscilimp\" \/>\n<meta property=\"article:modified_time\" content=\"2024-03-01T13:01:43+00:00\" \/>\n<meta name=\"twitter:card\" content=\"summary_large_image\" \/>\n<meta name=\"twitter:label1\" content=\"Tiempo de lectura\" \/>\n\t<meta name=\"twitter:data1\" content=\"4 minutos\" \/>\n<script type=\"application\/ld+json\" class=\"yoast-schema-graph\">{\"@context\":\"https:\\\/\\\/schema.org\",\"@graph\":[{\"@type\":\"WebPage\",\"@id\":\"https:\\\/\\\/www.piscilimp.es\\\/tienda\\\/gastos-y-condiciones-de-envio\\\/\",\"url\":\"https:\\\/\\\/www.piscilimp.es\\\/tienda\\\/gastos-y-condiciones-de-envio\\\/\",\"name\":\"Gastos y condiciones de env\u00edo - Productos Piscinas - Piscilimp\",\"isPartOf\":{\"@id\":\"https:\\\/\\\/www.piscilimp.es\\\/tienda\\\/#website\"},\"datePublished\":\"2022-09-12T08:26:23+00:00\",\"dateModified\":\"2024-03-01T13:01:43+00:00\",\"description\":\"Gastos y condiciones de env\u00edo - Productos Piscinas - Piscilimp\",\"inLanguage\":\"es\",\"potentialAction\":[{\"@type\":\"ReadAction\",\"target\":[\"https:\\\/\\\/www.piscilimp.es\\\/tienda\\\/gastos-y-condiciones-de-envio\\\/\"]}]},{\"@type\":\"WebSite\",\"@id\":\"https:\\\/\\\/www.piscilimp.es\\\/tienda\\\/#website\",\"url\":\"https:\\\/\\\/www.piscilimp.es\\\/tienda\\\/\",\"name\":\"Productos Piscinas - Piscilimp\",\"description\":\"Productos Mantenimiento Piscinas\",\"potentialAction\":[{\"@type\":\"SearchAction\",\"target\":{\"@type\":\"EntryPoint\",\"urlTemplate\":\"https:\\\/\\\/www.piscilimp.es\\\/tienda\\\/?s={search_term_string}\"},\"query-input\":{\"@type\":\"PropertyValueSpecification\",\"valueRequired\":true,\"valueName\":\"search_term_string\"}}],\"inLanguage\":\"es\"}]}<\/script>\n<!-- \/ Yoast SEO plugin. -->","yoast_head_json":{"title":"Gastos y condiciones de env\u00edo - Productos Piscinas - Piscilimp","description":"Gastos y condiciones de env\u00edo - Productos Piscinas - Piscilimp","robots":{"index":"noindex","follow":"nofollow"},"og_locale":"es_ES","og_type":"article","og_title":"Gastos y condiciones de env\u00edo - Productos Piscinas - Piscilimp","og_description":"Gastos y condiciones de env\u00edo - Productos Piscinas - Piscilimp","og_url":"https:\/\/www.piscilimp.es\/tienda\/gastos-y-condiciones-de-envio\/","og_site_name":"Productos Piscinas - Piscilimp","article_modified_time":"2024-03-01T13:01:43+00:00","twitter_card":"summary_large_image","twitter_misc":{"Tiempo de lectura":"4 minutos"},"schema":{"@context":"https:\/\/schema.org","@graph":[{"@type":"WebPage","@id":"https:\/\/www.piscilimp.es\/tienda\/gastos-y-condiciones-de-envio\/","url":"https:\/\/www.piscilimp.es\/tienda\/gastos-y-condiciones-de-envio\/","name":"Gastos y condiciones de env\u00edo - Productos Piscinas - Piscilimp","isPartOf":{"@id":"https:\/\/www.piscilimp.es\/tienda\/#website"},"datePublished":"2022-09-12T08:26:23+00:00","dateModified":"2024-03-01T13:01:43+00:00","description":"Gastos y condiciones de env\u00edo - Productos Piscinas - Piscilimp","inLanguage":"es","potentialAction":[{"@type":"ReadAction","target":["https:\/\/www.piscilimp.es\/tienda\/gastos-y-condiciones-de-envio\/"]}]},{"@type":"WebSite","@id":"https:\/\/www.piscilimp.es\/tienda\/#website","url":"https:\/\/www.piscilimp.es\/tienda\/","name":"Productos Piscinas - Piscilimp","description":"Productos Mantenimiento Piscinas","potentialAction":[{"@type":"SearchAction","target":{"@type":"EntryPoint","urlTemplate":"https:\/\/www.piscilimp.es\/tienda\/?s={search_term_string}"},"query-input":{"@type":"PropertyValueSpecification","valueRequired":true,"valueName":"search_term_string"}}],"inLanguage":"es"}]}},"_links":{"self":[{"href":"https:\/\/www.piscilimp.es\/tienda\/wp-json\/wp\/v2\/pages\/17838","targetHints":{"allow":["GET"]}}],"collection":[{"href":"https:\/\/www.piscilimp.es\/tienda\/wp-json\/wp\/v2\/pages"}],"about":[{"href":"https:\/\/www.piscilimp.es\/tienda\/wp-json\/wp\/v2\/types\/page"}],"author":[{"embeddable":true,"href":"https:\/\/www.piscilimp.es\/tienda\/wp-json\/wp\/v2\/users\/64"}],"replies":[{"embeddable":true,"href":"https:\/\/www.piscilimp.es\/tienda\/wp-json\/wp\/v2\/comments?post=17838"}],"version-history":[{"count":16,"href":"https:\/\/www.piscilimp.es\/tienda\/wp-json\/wp\/v2\/pages\/17838\/revisions"}],"predecessor-version":[{"id":36156,"href":"https:\/\/www.piscilimp.es\/tienda\/wp-json\/wp\/v2\/pages\/17838\/revisions\/36156"}],"wp:attachment":[{"href":"https:\/\/www.piscilimp.es\/tienda\/wp-json\/wp\/v2\/media?parent=17838"}],"curies":[{"name":"wp","href":"https:\/\/api.w.org\/{rel}","templated":true}]}}