{"id":3,"date":"2022-04-26T11:55:05","date_gmt":"2022-04-26T11:55:05","guid":{"rendered":"https:\/\/www.piscilimp.es\/tienda\/?page_id=3"},"modified":"2022-09-02T12:23:00","modified_gmt":"2022-09-02T11:23:00","slug":"privacy-policy","status":"publish","type":"page","link":"https:\/\/www.piscilimp.es\/tienda\/privacy-policy\/","title":{"rendered":"Pol\u00edtica de Privacidad"},"content":{"rendered":"\r\n<p>\u00a0<br \/>El objetivo de esta pol\u00edtica es informar a los interesados acerca de los distintos tratamientos realizados por esta organizaci\u00f3n mediante la p\u00e1gina web y que afecten a sus datos personales de conformidad con lo establecido en la Ley Org\u00e1nica 3\/2018, de 5 de diciembre, de Protecci\u00f3n de Datos Personales y garant\u00eda de los derechos digitales y el Reglamento (UE) 2016\/679 del Parlamento Europeo y del Consejo de 27 de abril de 2016.<\/p>\r\n<ol>\r\n<li><strong>IDENTIFICACI\u00d3N Y DATOS DE CONTACTO DEL RESPONSABLE.<\/strong><\/li>\r\n<\/ol>\r\n<p>La organizaci\u00f3n PISCILIMP SL, domiciliada en la C\/ 564, 14 BAJO (46182 LA CA\u00d1ADA (PATERNA)) VALENCIA,\u00a0 con\u00a0\u00a0<strong>N.I.F.<\/strong>\u00a0B46593646, tel\u00e9fono de contacto: 961320332 y correo electr\u00f3nico .<br \/><strong><u>DELEGADO DE PROTECCI\u00d3N DE DATOS<\/u><\/strong><br \/>SEGURIDAD Y PRIVACIDAD DE DATOS S.L., con domicilio en Avenida Cortes Valencianas Edificio G\u00e9minis Center, n\u00ba\u00a0 39,13\u00ba C y D 46015 de Valencia, tel\u00e9fono de contacto: 900 85 85 50 y correo electr\u00f3nico:\u00a0<a href=\"mailto:infodpo@forlopd.es\">infodpo@forlopd.es<\/a>.<\/p>\r\n<ol start=\"2\">\r\n<li><strong>FINALIDADES DEL TRATAMIENTO DE SUS DATOS PERSONALES.<\/strong><\/li>\r\n<\/ol>\r\n<ul>\r\n<li><strong>USUARIOS\/NAVEGANTES DE LA P\u00c1GINA WEB DEL RESPONSABLE.\u00a0<\/strong>Trataremos sus datos de car\u00e1cter personal facilitados a trav\u00e9s de nuestros formularios web para:<\/li>\r\n<li>Atender a las solicitudes, quejas e incidencias trasladadas a trav\u00e9s de nuestros canales de contacto incorporados en la p\u00e1gina web.<\/li>\r\n<li>Entender el comportamiento del navegante dentro de la web con el fin de detectar posibles ataques inform\u00e1ticos a nuestra web.<\/li>\r\n<li>Cumplir con las obligaciones legales que nos resulten directamente aplicables y regulen nuestra actividad.<\/li>\r\n<li>Para proteger y ejercer nuestros derechos o responder ante reclamaciones de cualquier \u00edndole.<\/li>\r\n<li>En su caso, env\u00edo de comunicaciones comerciales relativas a los bienes o servicios que conforman nuestra actividad., y\/o noticias o boletines relacionados con nuestro sector.<\/li>\r\n<li>Gestionar y enviarle el presupuesto solicitado. Gestionamos sus datos para programar la cita solicitada. Gestionar, administrar, supervisar su actividad en el blog\/foro incorporado.<\/li>\r\n<\/ul>\r\n<p>Trataremos sus datos de car\u00e1cter personal facilitados a trav\u00e9s de nuestros formularios web para:<\/p>\r\n<ul>\r\n<li>La gesti\u00f3n de la relaci\u00f3n comercial.<\/li>\r\n<li>La prestaci\u00f3n de los servicios que nos haya contratado.<\/li>\r\n<li>Gestiones relacionadas con el env\u00edo y recepci\u00f3n del producto adquirido a trav\u00e9s de esta p\u00e1gina web.<\/li>\r\n<li>La gesti\u00f3n administrativa, contable y fiscal.<\/li>\r\n<li>Atender a las solicitudes, quejas e incidencias trasladadas a trav\u00e9s de nuestros canales de contacto incorporados en la p\u00e1gina web.<\/li>\r\n<li>Entender el comportamiento del navegante dentro de la web con el fin de detectar posibles ataques inform\u00e1ticos a nuestra web.<\/li>\r\n<li>En su caso, realizar encuestas de calidad que nos permitan evaluar nuestro servicio.<\/li>\r\n<li>En su caso, realizar sorteos.<\/li>\r\n<li>En su caso, env\u00edo de comunicaciones comerciales relativas a los bienes o servicios que conforman nuestra actividad., y\/o noticas o boletines relacionados con nuestro sector.<\/li>\r\n<li>Cumplir con las obligaciones legales que nos resulten directamente aplicables y regulen nuestra actividad.<\/li>\r\n<li>Para proteger y ejercer nuestros derechos o responder ante reclamaciones de cualquier \u00edndole.<\/li>\r\n<li>Gesti\u00f3n de la relaci\u00f3n comercial.<\/li>\r\n<li>Atender a las solicitudes, quejas e incidencias trasladadas a trav\u00e9s de nuestros canales de contacto incorporados en la p\u00e1gina web.<\/li>\r\n<li>Entender el comportamiento del navegante dentro de la web con el fin de detectar posibles ataques inform\u00e1ticos a nuestra web.<\/li>\r\n<li>Cumplir con las obligaciones legales que nos resulten directamente aplicables y regulen nuestra actividad.<\/li>\r\n<li>Para proteger y ejercer nuestros derechos o responder ante reclamaciones de cualquier \u00edndole.<\/li>\r\n<li>En su caso, env\u00edo de comunicaciones comerciales relativas a los bienes o servicios que conforman nuestra actividad., y\/o noticas o boletines relacionados con nuestro sector.<\/li>\r\n<\/ul>\r\n<ul>\r\n<li><strong>CANDIDATOS A OFERTAS DE TRABAJO O POSTULANTES A EMPLEO.\u00a0<\/strong>Trataremos sus datos de car\u00e1cter personal facilitados a trav\u00e9s de nuestros formularios web para:<\/li>\r\n<li>Gestionar tu candidatura.<\/li>\r\n<li>Comunicarnos contigo para ir inform\u00e1ndote del estado del proceso de selecci\u00f3n y de tu candidatura en el mismo.<\/li>\r\n<li>Entender el comportamiento del navegante dentro de la web con el fin de detectar posibles ataques inform\u00e1ticos a nuestra web.<\/li>\r\n<li>Para proteger y ejercer nuestros derechos o responder ante reclamaciones de cualquier \u00edndole<\/li>\r\n<li>Env\u00edo de comunicaciones relativas a nuevas ofertas de trabajo que realicemos y se adecuen a tus necesidades; siempre y cuando nos hayas autorizado, previamente, a enviarte dicha informaci\u00f3n.<\/li>\r\n<li>Cesi\u00f3n de sus datos a entidades que conforman el grupo: Piscilimp SL.<\/li>\r\n<\/ul>\r\n<ol start=\"3\">\r\n<li><strong>BASE JUR\u00cdDICA DEL TRATAMIENTO.<\/strong><\/li>\r\n<\/ol>\r\n<ul>\r\n<li><strong>USUARIOS\/NAVEGANTES EN LA P\u00c1GINA WEB DEL RESPONSABLE.<\/strong><\/li>\r\n<li>En el consentimiento que nos has prestado para tratar tus datos con las finalidades indicadas.<em>\u00a0La negativa a facilitar sus datos personales conllevara la imposibilidad de tratar sus datos con las finalidades mencionadas.<\/em><\/li>\r\n<li>Para cumplir con las obligaciones legales que se nos aplican.\u00a0<em>En este caso, el interesado no podr\u00e1 negarse al tratamiento de los datos personales<\/em><strong>.<\/strong><\/li>\r\n<li>En nuestro inter\u00e9s leg\u00edtimo de proteger nuestra imagen, negocio y trayectoria evitando ataques a nuestra p\u00e1gina web.\u00a0<em>En este caso, el interesado no podr\u00e1 negarse al tratamiento de los datos personales<\/em><strong>,\u00a0<\/strong><em>aunque podr\u00e1 ejercer, en su caso, los derechos reconocidos en el apartado octavos de la presente pol\u00edtica<\/em><\/li>\r\n<li>Ejecuci\u00f3n de un contrato en el que sea parte o aplicaci\u00f3n de medias precontractuales.\u00a0<em>La negativa a facilitar sus datos personales conllevara la imposibilidad de tratar sus datos con las finalidades mencionadas.<\/em><\/li>\r\n<li>En el consentimiento que nos has prestado para tratar tus datos respecto de las finalidades ajenas al desarrollo o ejecuci\u00f3n del contrato existente.\u00a0<em>La negativa a facilitar sus datos personales conllevara la imposibilidad de tratar sus datos con las finalidades mencionadas.<\/em><\/li>\r\n<li>Para cumplir con las obligaciones legales que se nos aplican.\u00a0<em>En este caso, el interesado no podr\u00e1 negarse al tratamiento de los datos personales<\/em><strong>.<\/strong><\/li>\r\n<li>En nuestro inter\u00e9s leg\u00edtimo de proteger nuestra imagen, negocio y trayectoria evitando ataques a nuestra p\u00e1gina web.\u00a0<em>En este caso, el interesado no podr\u00e1 negarse al tratamiento de los datos personales<\/em><strong>,\u00a0<\/strong><em>aunque podr\u00e1 ejercer, en su caso, los derechos reconocidos en el apartado octavos de la presente pol\u00edtica<\/em><\/li>\r\n<li>Ejecuci\u00f3n de un contrato en el que sea parte o aplicaci\u00f3n de medias precontractuales.\u00a0<em>La negativa a facilitar sus datos personales conllevara la imposibilidad de tratar sus datos con las finalidades mencionadas.<\/em><\/li>\r\n<li>En el consentimiento que nos has prestado para tratar tus datos respecto de las finalidades ajenas al desarrollo o ejecuci\u00f3n del contrato existente.\u00a0<em>La negativa a facilitar sus datos personales conllevara la imposibilidad de tratar sus datos con las finalidades mencionadas.<\/em><\/li>\r\n<li>Para cumplir con las obligaciones legales que se nos aplican.\u00a0<em>En este caso, el interesado no podr\u00e1 negarse al tratamiento de los datos personales<\/em><strong>.<\/strong><\/li>\r\n<li>En nuestro inter\u00e9s leg\u00edtimo de proteger nuestra imagen, negocio y trayectoria evitando ataques a nuestra p\u00e1gina web.\u00a0<em>En este caso, el interesado no podr\u00e1 negarse al tratamiento de los datos personales<\/em><strong>,\u00a0<\/strong><em>aunque podr\u00e1 ejercer, en su caso, los derechos reconocidos en el apartado octavos de la presente pol\u00edtica<\/em><\/li>\r\n<\/ul>\r\n<ul>\r\n<li><strong>CANDIDATOS A OFERTAS DE TRABAJO O POSTULANTES A EMPLEO.<\/strong><\/li>\r\n<li>En el consentimiento que nos has prestado para tratar tus datos con las finalidades indicadas.<em>\u00a0La negativa a facilitar sus datos personales conllevara la imposibilidad de tratar sus datos con las finalidades mencionadas.<\/em><\/li>\r\n<li>Para cumplir con las obligaciones legales que se nos aplican.\u00a0<em>En este caso, el interesado no podr\u00e1 negarse al tratamiento de los datos personales<\/em><strong>.<\/strong><\/li>\r\n<li>En nuestro inter\u00e9s leg\u00edtimo de proteger nuestra imagen, negocio y trayectoria evitando ataques a nuestra p\u00e1gina web.\u00a0<em>En este caso, el interesado no podr\u00e1 negarse al tratamiento de los datos personales<\/em><strong>,\u00a0<\/strong><em>aunque podr\u00e1 ejercer, en su caso, los derechos reconocidos en el apartado octavos de la presente pol\u00edtica<\/em><\/li>\r\n<\/ul>\r\n<ol start=\"4\">\r\n<li><strong>PLAZOS O CRITERIOS DE CONSERVACI\u00d3N DE LOS DATOS.<\/strong><\/li>\r\n<\/ol>\r\n<p>Los datos personales proporcionados se conservar\u00e1n durante el tiempo necesario para cumplir con las finalidades para los que fueron recopilados inicialmente.<br \/>Una vez que los datos dejen de ser necesarios para el tratamiento en cuesti\u00f3n, estos se mantendr\u00e1n debidamente bloqueados para, en su caso, ponerlos a disposici\u00f3n de las Administraciones y Organismos P\u00fablicas competentes, Jueces y Tribunales o el Ministerio Fiscal, de acuerdo al durante el plazo de prescripci\u00f3n de las acciones que pudieran derivarse de la relaci\u00f3n mantenida con el cliente y\/o los plazos de conservaci\u00f3n previstos legalmente.<br \/>En el caso de que nos hayas facilitado tu curriculum, conservaremos tus datos durante el periodo m\u00e1ximo de un a\u00f1o desde la recepci\u00f3n del mismo por parte de la entidad, salvo que nos hayas autorizado a mantener tus datos por un periodo de conservaci\u00f3n mayor al indicado.<br \/><em><u>Periodo de bloqueo de los datos:<\/u><\/em><\/p>\r\n<ul>\r\n<li><strong>EL C\u00d3DIGO CIVIL.<\/strong>\u00a0Entre 5 o 15 a\u00f1os seg\u00fan el caso, atendiendo a lo dispuesto en el art\u00edculo 1964.2 del cuerpo legal mencionado.<\/li>\r\n<li><strong>EL C\u00d3DIGO DEL COMERCIO.\u00a0<\/strong>Durante 6 a\u00f1os, atendiendo a dispuesto en el art\u00edculo 30 del cuerpo legal mencionado. Se aplica respecto de la informaci\u00f3n mercantil relacionada con (facturas emitidas y \u00a0recibidas, tickets, facturas rectificativas, documentos bancarios, etc.).<\/li>\r\n<li><strong>LA LEY GENERAL TRIBUTARIA.<\/strong>\u00a0Durante 4 a\u00f1os atendiendo a dispuesto en\u00a0 los art\u00edculos 66 a 70 del cuerpo legal mencionado. Se aplica a la informaci\u00f3n relacionada con las obligaciones fiscales.<\/li>\r\n<li><strong>LEY 10\/2010, DE 28 DE ABRIL, DE PREVENCI\u00d3N DEL BLANQUEO DE CAPITALES Y DE LA FINANCIACI\u00d3N DEL TERRORISMO.\u00a0<\/strong>Durante 10 a\u00f1os atendiendo a lo dispuesto en 25 de la ley. [***NOTA. Mantener si los datos que facilitan mediante la p\u00e1gina\u00a0 web deben ser conservados de conformidad con esta ley.]<\/li>\r\n<\/ul>\r\n<ol start=\"5\">\r\n<li><strong>DECISIONES AUTOMATIZADAS Y ELABORACI\u00d3N DE PERFILES.<\/strong><\/li>\r\n<\/ol>\r\n<p>La p\u00e1gina web no toma decisiones automatizadas ni elabora perfiles.<br \/><strong>TRANSFERENCIAS INTERNACIONALES DE DATOS.<\/strong><br \/>La organizaci\u00f3n no realiza Transferencia Internacional de Datos alguna.<\/p>\r\n<ol start=\"7\">\r\n<li>Los interesados podr\u00e1n ejercer en cualquier momento y de forma totalmente gratuita los derechos de\u00a0<strong>acceso, rectificaci\u00f3n y supresi\u00f3n, as\u00ed como solicitar que se limite el tratamiento de sus datos personales, oponerse al mismo, solicitar la portabilidad de estos (siempre que sea t\u00e9cnicamente posible) o retirar el consentimiento prestado<\/strong>, y en su caso, cuando proceda<strong>, a no ser objeto de una decisi\u00f3n basada \u00fanicamente en un tratamiento automatizado, incluido la elaboraci\u00f3n de perfiles.<\/strong><\/li>\r\n<\/ol>\r\n<p>Para ello podr\u00e1 emplear los formularios habilitados por la organizaci\u00f3n, o bien dirigir un escrito a la direcci\u00f3n postal o correo electr\u00f3nico arriba indicadas. En cualquier caso, su solicitud deber\u00e1 acompa\u00f1arse de una fotocopia de su D.N.I. o documento equivalente, con la finalidad de acreditar su identidad.<br \/>En caso de que sienta vulnerados sus derechos en lo concerniente a la protecci\u00f3n de sus datos personales, especialmente cuando no haya obtenido satisfacci\u00f3n en el ejercicio de sus derechos, puede presentar una reclamaci\u00f3n ante la Autoridad de Control en materia de Protecci\u00f3n de Datos competente\u00a0<strong>(Agencia Espa\u00f1ola de Protecci\u00f3n de Datos),<\/strong>\u00a0a trav\u00e9s de su sitio web:\u00a0<a href=\"http:\/\/www.agpd.es\/\">www.agpd.es<\/a>.<br \/>En cumplimiento de lo dispuesto en el art\u00edculo 21 de la Ley 34\/2002 de servicios de la sociedad de la informaci\u00f3n y comercio electr\u00f3nico, si usted no desea recibir m\u00e1s informaci\u00f3n sobre nuestros servicios, puede darse de baja enviando un correo electr\u00f3nico a la direcci\u00f3n, con asunto\u00a0\u00a0<strong>\u201c<em>BAJAS\u201d\u00a0<\/em><\/strong>o bien haciendo\u00a0<em>click<\/em>\u00a0en el apartado del correo *<strong><em>para darse de baja<\/em><\/strong>*.<\/p>\r\n<ol start=\"8\">\r\n<li><strong>VERACIDAD DE LOS DATOS.<\/strong><\/li>\r\n<\/ol>\r\n<p>El interesado garantiza que los datos aportados son verdaderos, exactos, completos y se encuentran actualizados; comprometi\u00e9ndose a informar de cualquier cambio respecto de los datos que aportara, por los canales habilitados al efecto e indicados en el punto uno de la presente pol\u00edtica. Ser\u00e1 responsable de cualquier da\u00f1o o perjuicio, tanto directo como indirecto, que pudiera ocasionar como consecuencia del incumplimiento de la presente obligaci\u00f3n.<br \/>En el supuesto de que el usuario facilite datos de terceros, declara que cuenta con el consentimiento de los interesados y se compromete a trasladarle la informaci\u00f3n contenida en esta cl\u00e1usula, eximiendo a la organizaci\u00f3n de cualquier responsabilidad derivada por la falta de cumplimiento de la presente obligaci\u00f3n.<\/p>\r\n","protected":false},"excerpt":{"rendered":"<p>\u00a0El objetivo de esta pol\u00edtica es informar a los interesados  [&#8230;]<\/p>\n","protected":false},"author":64,"featured_media":0,"parent":0,"menu_order":0,"comment_status":"closed","ping_status":"closed","template":"","meta":{"footnotes":""},"class_list":["post-3","page","type-page","status-publish","hentry"],"yoast_head":"<!-- This site is optimized with the Yoast SEO plugin v27.3 - https:\/\/yoast.com\/product\/yoast-seo-wordpress\/ -->\n<title>Pol\u00edtica de Privacidad - Productos Piscinas - Piscilimp<\/title>\n<meta name=\"description\" content=\"Pol\u00edtica de Privacidad - Productos Piscinas - Piscilimp\" \/>\n<meta name=\"robots\" content=\"noindex, nofollow\" \/>\n<meta property=\"og:locale\" content=\"es_ES\" \/>\n<meta property=\"og:type\" content=\"article\" \/>\n<meta property=\"og:title\" content=\"Pol\u00edtica de Privacidad - Productos Piscinas - Piscilimp\" \/>\n<meta property=\"og:description\" content=\"Pol\u00edtica de Privacidad - Productos Piscinas - Piscilimp\" \/>\n<meta property=\"og:url\" content=\"https:\/\/www.piscilimp.es\/tienda\/privacy-policy\/\" \/>\n<meta property=\"og:site_name\" content=\"Productos Piscinas - Piscilimp\" \/>\n<meta property=\"article:modified_time\" content=\"2022-09-02T11:23:00+00:00\" \/>\n<meta name=\"twitter:card\" content=\"summary_large_image\" \/>\n<meta name=\"twitter:label1\" content=\"Tiempo de lectura\" \/>\n\t<meta name=\"twitter:data1\" content=\"9 minutos\" \/>\n<script type=\"application\/ld+json\" class=\"yoast-schema-graph\">{\"@context\":\"https:\\\/\\\/schema.org\",\"@graph\":[{\"@type\":\"WebPage\",\"@id\":\"https:\\\/\\\/www.piscilimp.es\\\/tienda\\\/privacy-policy\\\/\",\"url\":\"https:\\\/\\\/www.piscilimp.es\\\/tienda\\\/privacy-policy\\\/\",\"name\":\"Pol\u00edtica de Privacidad - Productos Piscinas - Piscilimp\",\"isPartOf\":{\"@id\":\"https:\\\/\\\/www.piscilimp.es\\\/tienda\\\/#website\"},\"datePublished\":\"2022-04-26T11:55:05+00:00\",\"dateModified\":\"2022-09-02T11:23:00+00:00\",\"description\":\"Pol\u00edtica de Privacidad - Productos Piscinas - Piscilimp\",\"inLanguage\":\"es\",\"potentialAction\":[{\"@type\":\"ReadAction\",\"target\":[\"https:\\\/\\\/www.piscilimp.es\\\/tienda\\\/privacy-policy\\\/\"]}]},{\"@type\":\"WebSite\",\"@id\":\"https:\\\/\\\/www.piscilimp.es\\\/tienda\\\/#website\",\"url\":\"https:\\\/\\\/www.piscilimp.es\\\/tienda\\\/\",\"name\":\"Productos Piscinas - Piscilimp\",\"description\":\"Productos Mantenimiento Piscinas\",\"potentialAction\":[{\"@type\":\"SearchAction\",\"target\":{\"@type\":\"EntryPoint\",\"urlTemplate\":\"https:\\\/\\\/www.piscilimp.es\\\/tienda\\\/?s={search_term_string}\"},\"query-input\":{\"@type\":\"PropertyValueSpecification\",\"valueRequired\":true,\"valueName\":\"search_term_string\"}}],\"inLanguage\":\"es\"}]}<\/script>\n<!-- \/ Yoast SEO plugin. -->","yoast_head_json":{"title":"Pol\u00edtica de Privacidad - Productos Piscinas - Piscilimp","description":"Pol\u00edtica de Privacidad - Productos Piscinas - Piscilimp","robots":{"index":"noindex","follow":"nofollow"},"og_locale":"es_ES","og_type":"article","og_title":"Pol\u00edtica de Privacidad - Productos Piscinas - Piscilimp","og_description":"Pol\u00edtica de Privacidad - Productos Piscinas - Piscilimp","og_url":"https:\/\/www.piscilimp.es\/tienda\/privacy-policy\/","og_site_name":"Productos Piscinas - Piscilimp","article_modified_time":"2022-09-02T11:23:00+00:00","twitter_card":"summary_large_image","twitter_misc":{"Tiempo de lectura":"9 minutos"},"schema":{"@context":"https:\/\/schema.org","@graph":[{"@type":"WebPage","@id":"https:\/\/www.piscilimp.es\/tienda\/privacy-policy\/","url":"https:\/\/www.piscilimp.es\/tienda\/privacy-policy\/","name":"Pol\u00edtica de Privacidad - Productos Piscinas - Piscilimp","isPartOf":{"@id":"https:\/\/www.piscilimp.es\/tienda\/#website"},"datePublished":"2022-04-26T11:55:05+00:00","dateModified":"2022-09-02T11:23:00+00:00","description":"Pol\u00edtica de Privacidad - Productos Piscinas - Piscilimp","inLanguage":"es","potentialAction":[{"@type":"ReadAction","target":["https:\/\/www.piscilimp.es\/tienda\/privacy-policy\/"]}]},{"@type":"WebSite","@id":"https:\/\/www.piscilimp.es\/tienda\/#website","url":"https:\/\/www.piscilimp.es\/tienda\/","name":"Productos Piscinas - Piscilimp","description":"Productos Mantenimiento Piscinas","potentialAction":[{"@type":"SearchAction","target":{"@type":"EntryPoint","urlTemplate":"https:\/\/www.piscilimp.es\/tienda\/?s={search_term_string}"},"query-input":{"@type":"PropertyValueSpecification","valueRequired":true,"valueName":"search_term_string"}}],"inLanguage":"es"}]}},"_links":{"self":[{"href":"https:\/\/www.piscilimp.es\/tienda\/wp-json\/wp\/v2\/pages\/3","targetHints":{"allow":["GET"]}}],"collection":[{"href":"https:\/\/www.piscilimp.es\/tienda\/wp-json\/wp\/v2\/pages"}],"about":[{"href":"https:\/\/www.piscilimp.es\/tienda\/wp-json\/wp\/v2\/types\/page"}],"author":[{"embeddable":true,"href":"https:\/\/www.piscilimp.es\/tienda\/wp-json\/wp\/v2\/users\/64"}],"replies":[{"embeddable":true,"href":"https:\/\/www.piscilimp.es\/tienda\/wp-json\/wp\/v2\/comments?post=3"}],"version-history":[{"count":1,"href":"https:\/\/www.piscilimp.es\/tienda\/wp-json\/wp\/v2\/pages\/3\/revisions"}],"predecessor-version":[{"id":4036,"href":"https:\/\/www.piscilimp.es\/tienda\/wp-json\/wp\/v2\/pages\/3\/revisions\/4036"}],"wp:attachment":[{"href":"https:\/\/www.piscilimp.es\/tienda\/wp-json\/wp\/v2\/media?parent=3"}],"curies":[{"name":"wp","href":"https:\/\/api.w.org\/{rel}","templated":true}]}}