{"id":35640,"date":"2024-02-28T07:44:10","date_gmt":"2024-02-28T06:44:10","guid":{"rendered":"https:\/\/www.piscilimp.es\/tienda\/producto\/trampa-avispas\/"},"modified":"2026-04-08T10:02:35","modified_gmt":"2026-04-08T09:02:35","slug":"trampa-avispas","status":"publish","type":"product","link":"https:\/\/www.piscilimp.es\/tienda\/producto\/trampa-avispas\/","title":{"rendered":"Trampa avispas"},"content":{"rendered":"<p><a class=\"ftes\" href=\"https:\/\/www.piscilimp.es\/tienda\/web\/FICHEROS\/11412882%20-%20ESP.pdf\" target=\"_blank\" rel=\"noopener\"><i class=\"fas fa-file-pdf\"><\/i> FICHA T\u00c9CNICA ESPA\u00d1OL<\/a><br \/>\n<a class=\"ften\" href=\"https:\/\/www.piscilimp.es\/tienda\/web\/FICHEROS\/11412882%20-%20IN.pdf\" target=\"_blank\" rel=\"noopener\"><i class=\"fas fa-file-pdf\"><\/i> FICHA T\u00c9CNICA INGLES<\/a><br \/>\n<a class=\"ftfr\" href=\"https:\/\/www.piscilimp.es\/tienda\/web\/FICHEROS\/11412882%20-%20FR.pdf\" target=\"_blank\" rel=\"noopener\"><i class=\"fas fa-file-pdf\"><\/i> FICHA T\u00c9CNICA FRANC\u00c9S<\/a><br \/>\n<a class=\"ftpor\" href=\"https:\/\/www.piscilimp.es\/tienda\/web\/FICHEROS\/11412882%20-%20POR.pdf\" target=\"_blank\" rel=\"noopener\"><i class=\"fas fa-file-pdf\"><\/i> FICHA T\u00c9CNICA PORTUGU\u00c9S<\/a><\/p>\n","protected":false},"excerpt":{"rendered":"<h2 data-start=\"0\" data-end=\"97\">Trampa para avispas, la mejor soluci\u00f3n para mantener tu piscina y jard\u00edn libres de insectos<\/h2>\n<p data-start=\"120\" data-end=\"394\">Las <strong data-start=\"124\" data-end=\"135\">avispas<\/strong> pueden convertirse en un problema en piscinas, jardines y terrazas, especialmente en los meses m\u00e1s c\u00e1lidos. Estos insectos no solo son molestos, sino que pueden representar un riesgo para la seguridad, especialmente si hay ni\u00f1os o personas al\u00e9rgicas cerca.<\/p>\n<p data-start=\"396\" data-end=\"733\">En <strong data-start=\"399\" data-end=\"412\">Piscilimp<\/strong>, adem\u00e1s de especializarnos en la construcci\u00f3n y mantenimiento de piscinas, ofrecemos soluciones eficaces para mantener tu entorno libre de plagas. Por eso, contamos con una <strong data-start=\"586\" data-end=\"609\">trampa para avispas<\/strong> segura, eficaz y f\u00e1cil de usar, ideal para proteger tu piscina sin afectar a otros insectos beneficiosos como las abejas.<\/p>\n<p>&nbsp;<\/p>\n<h2>\u00bfPor qu\u00e9 es importante eliminar las avispas?<\/h2>\n<p data-start=\"788\" data-end=\"872\">La presencia de <strong data-start=\"804\" data-end=\"815\">avispas<\/strong> en espacios exteriores puede generar varios problemas:<\/p>\n<ul data-start=\"874\" data-end=\"1445\">\n<li data-start=\"874\" data-end=\"1024\"><strong data-start=\"876\" data-end=\"900\">Picaduras dolorosas:<\/strong> Las avispas pueden picar varias veces y su veneno puede causar inflamaci\u00f3n, dolor e incluso reacciones al\u00e9rgicas severas.<\/li>\n<li data-start=\"1025\" data-end=\"1157\"><strong data-start=\"1027\" data-end=\"1060\">Riesgo para ni\u00f1os y mascotas:<\/strong> Son atra\u00eddas por alimentos y bebidas, lo que aumenta la probabilidad de encuentros peligrosos.<\/li>\n<li data-start=\"1158\" data-end=\"1314\"><strong data-start=\"1160\" data-end=\"1195\">Molestias en zonas de descanso:<\/strong> Si est\u00e1s disfrutando de un d\u00eda en la piscina o en la terraza, la presencia de avispas puede arruinar la experiencia.<\/li>\n<li data-start=\"1315\" data-end=\"1445\"><strong data-start=\"1317\" data-end=\"1348\">Posible formaci\u00f3n de nidos:<\/strong> Si las avispas encuentran un entorno favorable, pueden instalarse y multiplicarse r\u00e1pidamente.<\/li>\n<\/ul>\n<p data-start=\"1447\" data-end=\"1560\">Para evitar estos inconvenientes, el uso de una <strong data-start=\"1495\" data-end=\"1518\">trampa para avispas<\/strong> es una de las soluciones m\u00e1s efectivas.<\/p>\n<p>&nbsp;<\/p>\n<h2 data-start=\"1562\" data-end=\"1608\">\u00bfC\u00f3mo funciona una trampa para avispas?<\/h2>\n<p data-start=\"1610\" data-end=\"1773\">Las <strong data-start=\"1614\" data-end=\"1638\">trampas para avispas<\/strong> est\u00e1n dise\u00f1adas para atraer a estos insectos mediante un cebo especial, atraparlos y evitar que salgan. El funcionamiento es simple:<\/p>\n<ol data-start=\"1775\" data-end=\"2074\">\n<li data-start=\"1775\" data-end=\"1847\">Se introduce el <strong data-start=\"1794\" data-end=\"1810\">cebo natural<\/strong> en la trampa y se mezcla con agua.<\/li>\n<li data-start=\"1848\" data-end=\"1923\">Las avispas son atra\u00eddas por el aroma del cebo e ingresan a la trampa.<\/li>\n<li data-start=\"1924\" data-end=\"1997\">Una vez dentro, no pueden salir y terminan ahog\u00e1ndose en el l\u00edquido.<\/li>\n<li data-start=\"1998\" data-end=\"2074\">La trampa se vac\u00eda y se rellena con un nuevo cebo cuando sea necesario.<\/li>\n<\/ol>\n<p data-start=\"2076\" data-end=\"2189\">Este m\u00e9todo es altamente efectivo, seguro y no utiliza productos qu\u00edmicos perjudiciales para el medio ambiente.<\/p>\n<p>&nbsp;<\/p>\n<h2>Ventajas de usar una trampa para avispas<\/h2>\n<p data-start=\"2240\" data-end=\"2343\">Optar por una <strong data-start=\"2254\" data-end=\"2277\">trampa para avispas<\/strong> en lugar de insecticidas u otros m\u00e9todos tiene varias ventajas:<\/p>\n<ul data-start=\"2345\" data-end=\"2890\">\n<li data-start=\"2345\" data-end=\"2472\"><strong data-start=\"2347\" data-end=\"2361\">Seguridad:<\/strong> Al no usar productos qu\u00edmicos, es segura para ni\u00f1os, mascotas y otros insectos beneficiosos como las abejas.<\/li>\n<li data-start=\"2473\" data-end=\"2576\"><strong data-start=\"2475\" data-end=\"2497\">F\u00e1cil instalaci\u00f3n:<\/strong> Solo se necesita colocar el cebo y ubicar la trampa en un lugar estrat\u00e9gico.<\/li>\n<li data-start=\"2577\" data-end=\"2690\"><strong data-start=\"2579\" data-end=\"2605\">Eficiencia comprobada:<\/strong> Atrapa un gran n\u00famero de avispas sin afectar el equilibrio natural del ecosistema.<\/li>\n<li data-start=\"2691\" data-end=\"2774\"><strong data-start=\"2693\" data-end=\"2710\">Reutilizable:<\/strong> Se puede vaciar y volver a usar con nuevos recambios de cebo.<\/li>\n<li data-start=\"2775\" data-end=\"2890\"><strong data-start=\"2777\" data-end=\"2790\">Discreta:<\/strong> Su dise\u00f1o permite colocarla en cualquier espacio sin afectar la est\u00e9tica del jard\u00edn o la piscina.<\/li>\n<\/ul>\n<p>&nbsp;<\/p>\n<h2 data-start=\"2892\" data-end=\"2941\">\u00bfC\u00f3mo elegir la mejor trampa para avispas?<\/h2>\n<p data-start=\"2943\" data-end=\"3043\">A la hora de comprar una <strong data-start=\"2968\" data-end=\"2991\">trampa para avispas<\/strong>, es importante considerar algunos aspectos clave:<\/p>\n<ul data-start=\"3045\" data-end=\"3398\">\n<li data-start=\"3045\" data-end=\"3120\"><strong data-start=\"3047\" data-end=\"3064\">Tipo de cebo:<\/strong> Lo ideal es que sea natural y sin qu\u00edmicos agresivos.<\/li>\n<li data-start=\"3121\" data-end=\"3231\"><strong data-start=\"3123\" data-end=\"3137\">Ubicaci\u00f3n:<\/strong> Algunas trampas est\u00e1n dise\u00f1adas para colgarse y otras para colocarse en superficies planas.<\/li>\n<li data-start=\"3232\" data-end=\"3311\"><strong data-start=\"3234\" data-end=\"3250\">Durabilidad:<\/strong> Los modelos reutilizables son m\u00e1s rentables a largo plazo.<\/li>\n<li data-start=\"3312\" data-end=\"3398\"><strong data-start=\"3314\" data-end=\"3330\">Efectividad:<\/strong> Debe garantizar que las avispas no puedan escapar una vez dentro.<\/li>\n<\/ul>\n<p data-start=\"3400\" data-end=\"3568\">En <strong data-start=\"3403\" data-end=\"3416\">Piscilimp<\/strong>, ofrecemos una opci\u00f3n que cumple con todos estos requisitos, proporcionando una soluci\u00f3n efectiva y segura para mantener tu piscina libre de avispas.<\/p>\n<h4 data-start=\"3570\" data-end=\"3637\">Trampa para avispas de Piscilimp,\u00a0 soluci\u00f3n efectiva y segura<\/h4>\n<p data-start=\"3639\" data-end=\"3845\">En <strong data-start=\"3642\" data-end=\"3655\">Piscilimp<\/strong>, sabemos que disfrutar de una piscina o un jard\u00edn sin preocupaciones es fundamental. Por eso, ofrecemos una <strong data-start=\"3764\" data-end=\"3787\">trampa para avispas<\/strong> especialmente dise\u00f1ada para mantener tu entorno seguro.<\/p>\n<p data-start=\"3847\" data-end=\"4264\"><strong data-start=\"3849\" data-end=\"3875\">Cebo natural y seguro:<\/strong> No contiene qu\u00edmicos t\u00f3xicos y no atrae a las abejas.<br data-start=\"3929\" data-end=\"3932\" \/><strong data-start=\"3934\" data-end=\"3952\">F\u00e1cil de usar:<\/strong> Solo se necesita mezclar el cebo con agua y colocar la trampa en un \u00e1rea estrat\u00e9gica.<br data-start=\"4038\" data-end=\"4041\" \/><strong data-start=\"4043\" data-end=\"4074\">Cobertura de 5 a 10 metros:<\/strong> Mantiene tu piscina y jard\u00edn protegidos.<br data-start=\"4115\" data-end=\"4118\" \/><strong data-start=\"4120\" data-end=\"4154\">Recambios de cebo disponibles:<\/strong> Puedes encontrar los repuestos en nuestra secci\u00f3n de <strong data-start=\"4208\" data-end=\"4220\">ALL STAR<\/strong> bajo el nombre <strong data-start=\"4236\" data-end=\"4261\">RECAMBIO CEBO AVISPAS<\/strong>.<\/p>\n<p data-start=\"4266\" data-end=\"4387\">Con esta trampa, puedes disfrutar de tu piscina sin preocuparte por las picaduras ni por la presencia de avispas cerca.<\/p>\n<p>&nbsp;<\/p>\n<h2 data-start=\"4389\" data-end=\"4423\">Modo de uso y mantenimiento<\/h2>\n<p data-start=\"4425\" data-end=\"4529\">Para garantizar la m\u00e1xima efectividad de la <strong data-start=\"4469\" data-end=\"4492\">trampa para avispas<\/strong>, es importante seguir estos pasos:<\/p>\n<ol data-start=\"4531\" data-end=\"4878\">\n<li data-start=\"4531\" data-end=\"4596\"><strong data-start=\"4534\" data-end=\"4553\">Abrir la trampa<\/strong> y verter el cebo natural en el interior.<\/li>\n<li data-start=\"4597\" data-end=\"4646\"><strong data-start=\"4600\" data-end=\"4616\">Agregar agua<\/strong> hasta el nivel recomendado.<\/li>\n<li data-start=\"4647\" data-end=\"4744\"><strong data-start=\"4650\" data-end=\"4671\">Colocar la trampa<\/strong> en un lugar estrat\u00e9gico, preferiblemente lejos de la zona de descanso.<\/li>\n<li data-start=\"4745\" data-end=\"4799\"><strong data-start=\"4748\" data-end=\"4768\">Vaciar y limpiar<\/strong> la trampa cuando est\u00e9 llena.<\/li>\n<li data-start=\"4800\" data-end=\"4878\"><strong data-start=\"4803\" data-end=\"4833\">Recargar con un nuevo cebo<\/strong> para seguir manteniendo el \u00e1rea protegida.<\/li>\n<\/ol>\n<p data-start=\"4880\" data-end=\"4948\">El mantenimiento es sencillo y garantiza una protecci\u00f3n constante.<\/p>\n<p>&nbsp;<\/p>\n<h2>D\u00f3nde colocar la trampa para avispas<\/h2>\n<p data-start=\"4997\" data-end=\"5110\">Para obtener mejores resultados, se recomienda colocar la <strong data-start=\"5055\" data-end=\"5078\">trampa para avispas<\/strong> en lugares estrat\u00e9gicos como:<\/p>\n<ul data-start=\"5112\" data-end=\"5366\">\n<li data-start=\"5112\" data-end=\"5164\">\u00c1reas alejadas de la piscina o zona de descanso.<\/li>\n<li data-start=\"5165\" data-end=\"5230\">Cerca de arbustos o plantas donde las avispas suelen posarse.<\/li>\n<li data-start=\"5231\" data-end=\"5275\">En esquinas de la terraza o en cercados.<\/li>\n<li data-start=\"5276\" data-end=\"5366\">A una altura m\u00ednima de 1.5 metros para evitar que sea manipulada por ni\u00f1os o mascotas.<\/li>\n<\/ul>\n<p data-start=\"5368\" data-end=\"5444\">Lo ideal es probar diferentes ubicaciones hasta encontrar la m\u00e1s efectiva.<\/p>\n<p>&nbsp;<\/p>\n<h2>Preguntas frecuentes sobre trampas para avispas<\/h2>\n<p data-start=\"5502\" data-end=\"5675\"><strong data-start=\"5502\" data-end=\"5540\">\u00bfLa trampa tambi\u00e9n captura abejas?<\/strong><br data-start=\"5540\" data-end=\"5543\" \/>No. Gracias a su cebo espec\u00edfico, la trampa atrae solo a <strong data-start=\"5600\" data-end=\"5611\">avispas<\/strong>, evitando afectar a las abejas y otros insectos beneficiosos.<\/p>\n<p data-start=\"5677\" data-end=\"5858\"><strong data-start=\"5677\" data-end=\"5702\">\u00bfCu\u00e1nto dura el cebo?<\/strong><br data-start=\"5702\" data-end=\"5705\" \/>Depende de la temperatura y la cantidad de avispas en la zona, pero en general, un cebo puede durar entre 2 y 3 semanas antes de necesitar un recambio.<\/p>\n<p data-start=\"5860\" data-end=\"6017\"><strong data-start=\"5860\" data-end=\"5901\">\u00bfFunciona en cualquier \u00e9poca del a\u00f1o?<\/strong><br data-start=\"5901\" data-end=\"5904\" \/>Las <strong data-start=\"5908\" data-end=\"5919\">avispas<\/strong> son m\u00e1s activas en primavera y verano, por lo que es recomendable usar la trampa en esos meses.<\/p>\n<p data-start=\"6019\" data-end=\"6126\"><strong data-start=\"6019\" data-end=\"6054\">\u00bfSe puede reutilizar la trampa?<\/strong><br data-start=\"6054\" data-end=\"6057\" \/>S\u00ed, simplemente vac\u00edala, l\u00edmpiala y vuelve a colocar un nuevo cebo.<\/p>\n<p data-start=\"6147\" data-end=\"6292\">Las <strong data-start=\"6151\" data-end=\"6175\">trampas para avispas<\/strong> son una soluci\u00f3n efectiva, segura y ecol\u00f3gica para mantener tu piscina, jard\u00edn o terraza libres de estos insectos.<\/p>\n<p data-start=\"6294\" data-end=\"6465\">En <strong data-start=\"6297\" data-end=\"6310\">Piscilimp<\/strong>, ofrecemos una opci\u00f3n reutilizable, con cebo natural y de f\u00e1cil uso, ideal para garantizar un ambiente libre de avispas sin perjudicar a otros insectos.<\/p>\n<p data-start=\"6467\" data-end=\"6632\">Si quieres proteger tu piscina de la presencia de <strong data-start=\"6517\" data-end=\"6528\">avispas<\/strong>, te invitamos a visitar nuestra tienda y adquirir la <strong data-start=\"6582\" data-end=\"6605\">trampa para avispas<\/strong> junto con sus recambios.<\/p>\n<p data-start=\"6634\" data-end=\"6713\" data-is-last-node=\"\" data-is-only-node=\"\">\u00a1Disfruta de tu piscina sin preocupaciones con las soluciones de <strong data-start=\"6699\" data-end=\"6712\">Piscilimp<\/strong>!<\/p>\n","protected":false},"featured_media":29348,"template":"","meta":[],"product_brand":[],"product_cat":[82],"product_tag":[],"class_list":{"0":"post-35640","1":"product","2":"type-product","3":"status-publish","4":"has-post-thumbnail","6":"product_cat-all-star","7":"pa_peso-1-00","9":"first","10":"instock","11":"taxable","12":"shipping-taxable","13":"purchasable","14":"product-type-variable"},"yoast_head":"<!-- This site is optimized with the Yoast SEO plugin v27.3 - https:\/\/yoast.com\/product\/yoast-seo-wordpress\/ -->\n<title>Trampa Avispas Piscina. Piscilimp: venta productos piscinas<\/title>\n<meta name=\"description\" content=\"Venta de trampa para avispas en Piscina. Control natural. Piscilimp SL: tienda de venta de productos para piscinas. Contacta con nosotros.\" \/>\n<meta name=\"robots\" content=\"index, follow, max-snippet:-1, max-image-preview:large, max-video-preview:-1\" \/>\n<link rel=\"canonical\" href=\"https:\/\/www.piscilimp.es\/tienda\/producto\/trampa-avispas\/\" \/>\n<meta property=\"og:locale\" content=\"es_ES\" \/>\n<meta property=\"og:type\" content=\"article\" \/>\n<meta property=\"og:title\" content=\"Trampa Avispas Piscina. Piscilimp: venta productos piscinas\" \/>\n<meta property=\"og:description\" content=\"Venta de trampa para avispas en Piscina. Control natural. Piscilimp SL: tienda de venta de productos para piscinas. Contacta con nosotros.\" \/>\n<meta property=\"og:url\" content=\"https:\/\/www.piscilimp.es\/tienda\/producto\/trampa-avispas\/\" \/>\n<meta property=\"og:site_name\" content=\"Productos Piscinas - Piscilimp\" \/>\n<meta property=\"article:modified_time\" content=\"2026-04-08T09:02:35+00:00\" \/>\n<meta property=\"og:image\" content=\"https:\/\/www.piscilimp.es\/tienda\/wp-content\/uploads\/2024\/01\/11412882.jpg\" \/>\n\t<meta property=\"og:image:width\" content=\"1080\" \/>\n\t<meta property=\"og:image:height\" content=\"1080\" \/>\n\t<meta property=\"og:image:type\" content=\"image\/jpeg\" \/>\n<meta name=\"twitter:card\" content=\"summary_large_image\" \/>\n<meta name=\"twitter:label1\" content=\"Tiempo de lectura\" \/>\n\t<meta name=\"twitter:data1\" content=\"1 minuto\" \/>\n<script type=\"application\/ld+json\" class=\"yoast-schema-graph\">{\"@context\":\"https:\\\/\\\/schema.org\",\"@graph\":[{\"@type\":\"WebPage\",\"@id\":\"https:\\\/\\\/www.piscilimp.es\\\/tienda\\\/producto\\\/trampa-avispas\\\/\",\"url\":\"https:\\\/\\\/www.piscilimp.es\\\/tienda\\\/producto\\\/trampa-avispas\\\/\",\"name\":\"Trampa Avispas Piscina. Piscilimp: venta productos piscinas\",\"isPartOf\":{\"@id\":\"https:\\\/\\\/www.piscilimp.es\\\/tienda\\\/#website\"},\"primaryImageOfPage\":{\"@id\":\"https:\\\/\\\/www.piscilimp.es\\\/tienda\\\/producto\\\/trampa-avispas\\\/#primaryimage\"},\"image\":{\"@id\":\"https:\\\/\\\/www.piscilimp.es\\\/tienda\\\/producto\\\/trampa-avispas\\\/#primaryimage\"},\"thumbnailUrl\":\"https:\\\/\\\/www.piscilimp.es\\\/tienda\\\/wp-content\\\/uploads\\\/2024\\\/01\\\/11412882.jpg\",\"datePublished\":\"2024-02-28T06:44:10+00:00\",\"dateModified\":\"2026-04-08T09:02:35+00:00\",\"description\":\"Venta de trampa para avispas en Piscina. Control natural. Piscilimp SL: tienda de venta de productos para piscinas. Contacta con nosotros.\",\"breadcrumb\":{\"@id\":\"https:\\\/\\\/www.piscilimp.es\\\/tienda\\\/producto\\\/trampa-avispas\\\/#breadcrumb\"},\"inLanguage\":\"es\",\"potentialAction\":[{\"@type\":\"ReadAction\",\"target\":[\"https:\\\/\\\/www.piscilimp.es\\\/tienda\\\/producto\\\/trampa-avispas\\\/\"]}]},{\"@type\":\"ImageObject\",\"inLanguage\":\"es\",\"@id\":\"https:\\\/\\\/www.piscilimp.es\\\/tienda\\\/producto\\\/trampa-avispas\\\/#primaryimage\",\"url\":\"https:\\\/\\\/www.piscilimp.es\\\/tienda\\\/wp-content\\\/uploads\\\/2024\\\/01\\\/11412882.jpg\",\"contentUrl\":\"https:\\\/\\\/www.piscilimp.es\\\/tienda\\\/wp-content\\\/uploads\\\/2024\\\/01\\\/11412882.jpg\",\"width\":1080,\"height\":1080},{\"@type\":\"BreadcrumbList\",\"@id\":\"https:\\\/\\\/www.piscilimp.es\\\/tienda\\\/producto\\\/trampa-avispas\\\/#breadcrumb\",\"itemListElement\":[{\"@type\":\"ListItem\",\"position\":1,\"name\":\"Tienda\",\"item\":\"https:\\\/\\\/www.piscilimp.es\\\/tienda\\\/tienda\\\/\"},{\"@type\":\"ListItem\",\"position\":2,\"name\":\"Trampa avispas\"}]},{\"@type\":\"WebSite\",\"@id\":\"https:\\\/\\\/www.piscilimp.es\\\/tienda\\\/#website\",\"url\":\"https:\\\/\\\/www.piscilimp.es\\\/tienda\\\/\",\"name\":\"Productos Piscinas - Piscilimp\",\"description\":\"Productos Mantenimiento Piscinas\",\"potentialAction\":[{\"@type\":\"SearchAction\",\"target\":{\"@type\":\"EntryPoint\",\"urlTemplate\":\"https:\\\/\\\/www.piscilimp.es\\\/tienda\\\/?s={search_term_string}\"},\"query-input\":{\"@type\":\"PropertyValueSpecification\",\"valueRequired\":true,\"valueName\":\"search_term_string\"}}],\"inLanguage\":\"es\"}]}<\/script>\n<!-- \/ Yoast SEO plugin. -->","yoast_head_json":{"title":"Trampa Avispas Piscina. Piscilimp: venta productos piscinas","description":"Venta de trampa para avispas en Piscina. Control natural. Piscilimp SL: tienda de venta de productos para piscinas. Contacta con nosotros.","robots":{"index":"index","follow":"follow","max-snippet":"max-snippet:-1","max-image-preview":"max-image-preview:large","max-video-preview":"max-video-preview:-1"},"canonical":"https:\/\/www.piscilimp.es\/tienda\/producto\/trampa-avispas\/","og_locale":"es_ES","og_type":"article","og_title":"Trampa Avispas Piscina. Piscilimp: venta productos piscinas","og_description":"Venta de trampa para avispas en Piscina. Control natural. Piscilimp SL: tienda de venta de productos para piscinas. Contacta con nosotros.","og_url":"https:\/\/www.piscilimp.es\/tienda\/producto\/trampa-avispas\/","og_site_name":"Productos Piscinas - Piscilimp","article_modified_time":"2026-04-08T09:02:35+00:00","og_image":[{"width":1080,"height":1080,"url":"https:\/\/www.piscilimp.es\/tienda\/wp-content\/uploads\/2024\/01\/11412882.jpg","type":"image\/jpeg"}],"twitter_card":"summary_large_image","twitter_misc":{"Tiempo de lectura":"1 minuto"},"schema":{"@context":"https:\/\/schema.org","@graph":[{"@type":"WebPage","@id":"https:\/\/www.piscilimp.es\/tienda\/producto\/trampa-avispas\/","url":"https:\/\/www.piscilimp.es\/tienda\/producto\/trampa-avispas\/","name":"Trampa Avispas Piscina. Piscilimp: venta productos piscinas","isPartOf":{"@id":"https:\/\/www.piscilimp.es\/tienda\/#website"},"primaryImageOfPage":{"@id":"https:\/\/www.piscilimp.es\/tienda\/producto\/trampa-avispas\/#primaryimage"},"image":{"@id":"https:\/\/www.piscilimp.es\/tienda\/producto\/trampa-avispas\/#primaryimage"},"thumbnailUrl":"https:\/\/www.piscilimp.es\/tienda\/wp-content\/uploads\/2024\/01\/11412882.jpg","datePublished":"2024-02-28T06:44:10+00:00","dateModified":"2026-04-08T09:02:35+00:00","description":"Venta de trampa para avispas en Piscina. Control natural. Piscilimp SL: tienda de venta de productos para piscinas. Contacta con nosotros.","breadcrumb":{"@id":"https:\/\/www.piscilimp.es\/tienda\/producto\/trampa-avispas\/#breadcrumb"},"inLanguage":"es","potentialAction":[{"@type":"ReadAction","target":["https:\/\/www.piscilimp.es\/tienda\/producto\/trampa-avispas\/"]}]},{"@type":"ImageObject","inLanguage":"es","@id":"https:\/\/www.piscilimp.es\/tienda\/producto\/trampa-avispas\/#primaryimage","url":"https:\/\/www.piscilimp.es\/tienda\/wp-content\/uploads\/2024\/01\/11412882.jpg","contentUrl":"https:\/\/www.piscilimp.es\/tienda\/wp-content\/uploads\/2024\/01\/11412882.jpg","width":1080,"height":1080},{"@type":"BreadcrumbList","@id":"https:\/\/www.piscilimp.es\/tienda\/producto\/trampa-avispas\/#breadcrumb","itemListElement":[{"@type":"ListItem","position":1,"name":"Tienda","item":"https:\/\/www.piscilimp.es\/tienda\/tienda\/"},{"@type":"ListItem","position":2,"name":"Trampa avispas"}]},{"@type":"WebSite","@id":"https:\/\/www.piscilimp.es\/tienda\/#website","url":"https:\/\/www.piscilimp.es\/tienda\/","name":"Productos Piscinas - Piscilimp","description":"Productos Mantenimiento Piscinas","potentialAction":[{"@type":"SearchAction","target":{"@type":"EntryPoint","urlTemplate":"https:\/\/www.piscilimp.es\/tienda\/?s={search_term_string}"},"query-input":{"@type":"PropertyValueSpecification","valueRequired":true,"valueName":"search_term_string"}}],"inLanguage":"es"}]}},"_links":{"self":[{"href":"https:\/\/www.piscilimp.es\/tienda\/wp-json\/wp\/v2\/product\/35640","targetHints":{"allow":["GET"]}}],"collection":[{"href":"https:\/\/www.piscilimp.es\/tienda\/wp-json\/wp\/v2\/product"}],"about":[{"href":"https:\/\/www.piscilimp.es\/tienda\/wp-json\/wp\/v2\/types\/product"}],"wp:featuredmedia":[{"embeddable":true,"href":"https:\/\/www.piscilimp.es\/tienda\/wp-json\/wp\/v2\/media\/29348"}],"wp:attachment":[{"href":"https:\/\/www.piscilimp.es\/tienda\/wp-json\/wp\/v2\/media?parent=35640"}],"wp:term":[{"taxonomy":"product_brand","embeddable":true,"href":"https:\/\/www.piscilimp.es\/tienda\/wp-json\/wp\/v2\/product_brand?post=35640"},{"taxonomy":"product_cat","embeddable":true,"href":"https:\/\/www.piscilimp.es\/tienda\/wp-json\/wp\/v2\/product_cat?post=35640"},{"taxonomy":"product_tag","embeddable":true,"href":"https:\/\/www.piscilimp.es\/tienda\/wp-json\/wp\/v2\/product_tag?post=35640"}],"curies":[{"name":"wp","href":"https:\/\/api.w.org\/{rel}","templated":true}]}}